{"id":79,"date":"2015-05-21T14:31:45","date_gmt":"2015-05-21T12:31:45","guid":{"rendered":"http:\/\/filmharmonie.at.w0133d28.kasserver.com\/?page_id=79"},"modified":"2019-07-19T12:42:16","modified_gmt":"2019-07-19T10:42:16","slug":"portfolio","status":"publish","type":"page","link":"https:\/\/www.filmharmonie.at\/?page_id=79","title":{"rendered":"Portfolio"},"content":{"rendered":"<div class=\"fusion-fullwidth fullwidth-box fusion-builder-row-1 hundred-percent-fullwidth non-hundred-percent-height-scrolling\" style=\"--awb-border-radius-top-left:0px;--awb-border-radius-top-right:0px;--awb-border-radius-bottom-right:0px;--awb-border-radius-bottom-left:0px;--awb-overflow:visible;--awb-flex-wrap:wrap;\" ><div class=\"fusion-builder-row fusion-row\"><div class=\"fusion-layout-column fusion_builder_column fusion-builder-column-0 fusion_builder_column_1_1 1_1 fusion-one-full fusion-column-first fusion-column-last fusion-column-no-min-height\" style=\"--awb-bg-size:cover;--awb-margin-bottom:0px;\"><div class=\"fusion-column-wrapper fusion-flex-column-wrapper-legacy\"><style type=\"text\/css\">.fusion-portfolio-wrapper#fusion-portfolio-1 .fusion-portfolio-content{  text-align: left; }<\/style><div class=\"fusion-recent-works fusion-portfolio-element fusion-portfolio fusion-portfolio-1 fusion-portfolio-grid fusion-portfolio-paging-infinite fusion-portfolio-two fusion-portfolio-unboxed fusion-portfolio-text\" data-id=\"-rw-1\" data-columns=\"two\"><style type=\"text\/css\">.fusion-portfolio-1 .fusion-portfolio-wrapper .fusion-col-spacing{padding:15px;}<\/style><div class=\"fusion-portfolio-wrapper\" id=\"fusion-portfolio-1\" data-picturesize=\"fixed\" data-pages=\"2\" style=\"margin:-15px;\"><article id=\"portfolio-1-post-90\" class=\"fusion-portfolio-post fusion-col-spacing post-90\"><div class=\"fusion-portfolio-content-wrapper\" style=\"border:none;\"><span class=\"vcard rich-snippet-hidden\"><span class=\"fn\"><a href=\"https:\/\/www.filmharmonie.at\/?author=1\" title=\"Beitr\u00e4ge von sabe\" rel=\"author\">sabe<\/a><\/span><\/span><span class=\"updated rich-snippet-hidden\">2019-07-19T12:42:16+02:00<\/span><div  class=\"fusion-image-wrapper fusion-image-size-fixed\" aria-haspopup=\"true\">\n\t\t\t\t\t\t\t<a href=\"https:\/\/www.filmharmonie.at\/?avada_portfolio=der-kilometerfresser\" aria-label=\"Der Kilometerfresser\">\n\t\t\t\t\t\t\t<img decoding=\"async\" width=\"150\" height=\"295\" src=\"https:\/\/www.filmharmonie.at\/wp-content\/uploads\/2015\/05\/kilometer_columne-150x295.jpg\" class=\"attachment-portfolio-two size-portfolio-two wp-post-image\" alt=\"\" \/>\t\t\t<\/a>\n\t\t\t\t\t\t\t<\/div>\n<div class=\"fusion-portfolio-content\"><h2 class=\"entry-title fusion-post-title\"><a href=\"https:\/\/www.filmharmonie.at\/?avada_portfolio=der-kilometerfresser\">Der Kilometerfresser<\/a><\/h2><div class=\"fusion-post-content\"><p>Der Kilometerfresser    Der Sportler und Alpinist Ernest wettet mit Freunden, er k\u00f6nne eine bestimmte Strecke quer durch Europa binnen weniger Tage auf seinem Norton-Motorrad zur\u00fccklegen.\u00a0Eine willkommene Gelegenheit, <a href=\"https:\/\/www.filmharmonie.at\/?avada_portfolio=der-kilometerfresser\"> [...]<\/a><\/p><\/div><\/div><\/div><\/article><article id=\"portfolio-1-post-69\" class=\"fusion-portfolio-post fusion-col-spacing post-69\"><div class=\"fusion-portfolio-content-wrapper\" style=\"border:none;\"><span class=\"vcard rich-snippet-hidden\"><span class=\"fn\"><a href=\"https:\/\/www.filmharmonie.at\/?author=1\" title=\"Beitr\u00e4ge von sabe\" rel=\"author\">sabe<\/a><\/span><\/span><span class=\"updated rich-snippet-hidden\">2019-07-19T12:42:16+02:00<\/span><div  class=\"fusion-image-wrapper fusion-image-size-fixed\" aria-haspopup=\"true\">\n\t\t\t\t\t\t\t<a href=\"https:\/\/www.filmharmonie.at\/?avada_portfolio=lumpaci-vagabundus\" aria-label=\"Lumpaci Vagabundus\">\n\t\t\t\t\t\t\t<img decoding=\"async\" width=\"80\" height=\"186\" src=\"https:\/\/www.filmharmonie.at\/wp-content\/uploads\/2015\/05\/lumpaci_columne.jpg\" class=\"attachment-portfolio-two size-portfolio-two wp-post-image\" alt=\"\" \/>\t\t\t<\/a>\n\t\t\t\t\t\t\t<\/div>\n<div class=\"fusion-portfolio-content\"><h2 class=\"entry-title fusion-post-title\"><a href=\"https:\/\/www.filmharmonie.at\/?avada_portfolio=lumpaci-vagabundus\">Lumpaci Vagabundus<\/a><\/h2><div class=\"fusion-post-content\"><p>Der b\u00f6se Geist Lumpaci Vagabundus    Wirbel im Feenreich: die S\u00f6hne der Zauberer und Magier haben sich vom b\u00f6sen Geist mit dem bezeichnenden Namen Lumpaci Vagabundus (Hans Albers) <a href=\"https:\/\/www.filmharmonie.at\/?avada_portfolio=lumpaci-vagabundus\"> [...]<\/a><\/p><\/div><\/div><\/div><\/article><article id=\"portfolio-1-post-98\" class=\"fusion-portfolio-post fusion-col-spacing post-98\"><div class=\"fusion-portfolio-content-wrapper\" style=\"border:none;\"><span class=\"vcard rich-snippet-hidden\"><span class=\"fn\"><a href=\"https:\/\/www.filmharmonie.at\/?author=1\" title=\"Beitr\u00e4ge von sabe\" rel=\"author\">sabe<\/a><\/span><\/span><span class=\"updated rich-snippet-hidden\">2019-07-19T12:42:16+02:00<\/span><div  class=\"fusion-image-wrapper fusion-image-size-fixed\" aria-haspopup=\"true\">\n\t\t\t\t\t\t\t<a href=\"https:\/\/www.filmharmonie.at\/?avada_portfolio=der-zinker\" aria-label=\"Der Zinker\">\n\t\t\t\t\t\t\t<img decoding=\"async\" width=\"150\" height=\"295\" src=\"https:\/\/www.filmharmonie.at\/wp-content\/uploads\/2015\/05\/zinker_columne-150x295.jpg\" class=\"attachment-portfolio-two size-portfolio-two wp-post-image\" alt=\"\" \/>\t\t\t<\/a>\n\t\t\t\t\t\t\t<\/div>\n<div class=\"fusion-portfolio-content\"><h2 class=\"entry-title fusion-post-title\"><a href=\"https:\/\/www.filmharmonie.at\/?avada_portfolio=der-zinker\">Der Zinker<\/a><\/h2><div class=\"fusion-post-content\"><p>Der Zinker    Fr\u00fche Tonfilmversuche bewarb man mit dem Slogan \"lebende, sprechende Bilder\". H\u00f6chste Zeit, da\u00df die Filmharmonie sich mit moderner Technik anfreundet und nicht ausschlie\u00dflich Stummfilme zeigt, <a href=\"https:\/\/www.filmharmonie.at\/?avada_portfolio=der-zinker\"> [...]<\/a><\/p><\/div><\/div><\/div><\/article><article id=\"portfolio-1-post-95\" class=\"fusion-portfolio-post fusion-col-spacing post-95\"><div class=\"fusion-portfolio-content-wrapper\" style=\"border:none;\"><span class=\"vcard rich-snippet-hidden\"><span class=\"fn\"><a href=\"https:\/\/www.filmharmonie.at\/?author=1\" title=\"Beitr\u00e4ge von sabe\" rel=\"author\">sabe<\/a><\/span><\/span><span class=\"updated rich-snippet-hidden\">2019-07-19T12:42:17+02:00<\/span><div  class=\"fusion-image-wrapper fusion-image-size-fixed\" aria-haspopup=\"true\">\n\t\t\t\t\t\t\t<a href=\"https:\/\/www.filmharmonie.at\/?avada_portfolio=angst\" aria-label=\"Angst\">\n\t\t\t\t\t\t\t<img decoding=\"async\" width=\"80\" height=\"185\" src=\"https:\/\/www.filmharmonie.at\/wp-content\/uploads\/2015\/05\/angst_columne.jpg\" class=\"attachment-portfolio-two size-portfolio-two wp-post-image\" alt=\"\" \/>\t\t\t<\/a>\n\t\t\t\t\t\t\t<\/div>\n<div class=\"fusion-portfolio-content\"><h2 class=\"entry-title fusion-post-title\"><a href=\"https:\/\/www.filmharmonie.at\/?avada_portfolio=angst\">Angst<\/a><\/h2><div class=\"fusion-post-content\"><p>Angst. Die schwache Stunde einer Frau.    Hat sie oder hat sie nicht? Was im Roman ausgesprochen werden durfte, wird im Film nur angedeutet: der Seitensprung einer (nicht <a href=\"https:\/\/www.filmharmonie.at\/?avada_portfolio=angst\"> [...]<\/a><\/p><\/div><\/div><\/div><\/article><article id=\"portfolio-1-post-630\" class=\"fusion-portfolio-post fusion-col-spacing post-630\"><div class=\"fusion-portfolio-content-wrapper\" style=\"border:none;\"><span class=\"vcard rich-snippet-hidden\"><span class=\"fn\"><a href=\"https:\/\/www.filmharmonie.at\/?author=1\" title=\"Beitr\u00e4ge von sabe\" rel=\"author\">sabe<\/a><\/span><\/span><span class=\"updated rich-snippet-hidden\">2019-07-19T12:42:17+02:00<\/span><div  class=\"fusion-image-wrapper fusion-image-size-fixed\" aria-haspopup=\"true\">\n\t\t\t\t\t\t\t<a href=\"https:\/\/www.filmharmonie.at\/?avada_portfolio=familientag-im-hause-prellstein\" aria-label=\"Familientag im Hause Prellstein\">\n\t\t\t\t\t\t\t<img decoding=\"async\" width=\"80\" height=\"186\" src=\"https:\/\/www.filmharmonie.at\/wp-content\/uploads\/2015\/05\/Prellstein_columne1.jpg\" class=\"attachment-portfolio-two size-portfolio-two wp-post-image\" alt=\"\" \/>\t\t\t<\/a>\n\t\t\t\t\t\t\t<\/div>\n<div class=\"fusion-portfolio-content\"><h2 class=\"entry-title fusion-post-title\"><a href=\"https:\/\/www.filmharmonie.at\/?avada_portfolio=familientag-im-hause-prellstein\">Familientag im Hause Prellstein<\/a><\/h2><div class=\"fusion-post-content\"><p>Familientag im Hause Prellstein    Wenn die Neffen der Tante Jolesch ins Kino gehen - die F\u00e4higkeit zur Selbstironie vorausgesetzt - ,\u00a0dann f\u00fcr einen Film wie \"Familientag im <a href=\"https:\/\/www.filmharmonie.at\/?avada_portfolio=familientag-im-hause-prellstein\"> [...]<\/a><\/p><\/div><\/div><\/div><\/article><article id=\"portfolio-1-post-83\" class=\"fusion-portfolio-post fusion-col-spacing post-83\"><div class=\"fusion-portfolio-content-wrapper\" style=\"border:none;\"><span class=\"vcard rich-snippet-hidden\"><span class=\"fn\"><a href=\"https:\/\/www.filmharmonie.at\/?author=1\" title=\"Beitr\u00e4ge von sabe\" rel=\"author\">sabe<\/a><\/span><\/span><span class=\"updated rich-snippet-hidden\">2019-07-19T12:42:17+02:00<\/span><div  class=\"fusion-image-wrapper fusion-image-size-fixed\" aria-haspopup=\"true\">\n\t\t\t\t\t\t\t<a href=\"https:\/\/www.filmharmonie.at\/?avada_portfolio=die-bienen-maja-und-ihre-abenteuer\" aria-label=\"Die Biene Maja und ihre Abenteuer\">\n\t\t\t\t\t\t\t<img decoding=\"async\" width=\"150\" height=\"295\" src=\"https:\/\/www.filmharmonie.at\/wp-content\/uploads\/2015\/05\/maja2_columne-150x295.jpg\" class=\"attachment-portfolio-two size-portfolio-two wp-post-image\" alt=\"\" \/>\t\t\t<\/a>\n\t\t\t\t\t\t\t<\/div>\n<div class=\"fusion-portfolio-content\"><h2 class=\"entry-title fusion-post-title\"><a href=\"https:\/\/www.filmharmonie.at\/?avada_portfolio=die-bienen-maja-und-ihre-abenteuer\">Die Biene Maja und ihre Abenteuer<\/a><\/h2><div class=\"fusion-post-content\"><p>Die Biene Maja und ihre Abenteuer    Getreu dem Buch von Waldemar Bonsels, das heuer 100 Jahre alt wird, erz\u00e4hlt der Naturfilmer Wolfgang Junghans die Abenteuer der Biene <a href=\"https:\/\/www.filmharmonie.at\/?avada_portfolio=die-bienen-maja-und-ihre-abenteuer\"> [...]<\/a><\/p><\/div><\/div><\/div><\/article><article id=\"portfolio-1-post-104\" class=\"fusion-portfolio-post fusion-col-spacing post-104\"><div class=\"fusion-portfolio-content-wrapper\" style=\"border:none;\"><span class=\"vcard rich-snippet-hidden\"><span class=\"fn\"><a href=\"https:\/\/www.filmharmonie.at\/?author=1\" title=\"Beitr\u00e4ge von sabe\" rel=\"author\">sabe<\/a><\/span><\/span><span class=\"updated rich-snippet-hidden\">2019-07-19T12:42:17+02:00<\/span><div  class=\"fusion-image-wrapper fusion-image-size-fixed\" aria-haspopup=\"true\">\n\t\t\t\t\t\t\t<a href=\"https:\/\/www.filmharmonie.at\/?avada_portfolio=der-berg-des-schicksals\" aria-label=\"Der Berg des Schicksals\">\n\t\t\t\t\t\t\t<img decoding=\"async\" width=\"150\" height=\"295\" src=\"https:\/\/www.filmharmonie.at\/wp-content\/uploads\/2015\/05\/berg_columne-150x295.jpg\" class=\"attachment-portfolio-two size-portfolio-two wp-post-image\" alt=\"\" \/>\t\t\t<\/a>\n\t\t\t\t\t\t\t<\/div>\n<div class=\"fusion-portfolio-content\"><h2 class=\"entry-title fusion-post-title\"><a href=\"https:\/\/www.filmharmonie.at\/?avada_portfolio=der-berg-des-schicksals\">Der Berg des Schicksals<\/a><\/h2><div class=\"fusion-post-content\"><p>Der Berg des Schicksals    Was Arnold Fanck in seinem ersten Spielfilm zeigt, ist nichts anderes atemberaubend.\u00a0Die steile Felsnadel \"Guglia del Diavolo\" gilt als unbezwingbar - und gerade <a href=\"https:\/\/www.filmharmonie.at\/?avada_portfolio=der-berg-des-schicksals\"> [...]<\/a><\/p><\/div><\/div><\/div><\/article><article id=\"portfolio-1-post-77\" class=\"fusion-portfolio-post fusion-col-spacing post-77\"><div class=\"fusion-portfolio-content-wrapper\" style=\"border:none;\"><span class=\"vcard rich-snippet-hidden\"><span class=\"fn\"><a href=\"https:\/\/www.filmharmonie.at\/?author=1\" title=\"Beitr\u00e4ge von sabe\" rel=\"author\">sabe<\/a><\/span><\/span><span class=\"updated rich-snippet-hidden\">2019-07-19T12:42:17+02:00<\/span><div  class=\"fusion-image-wrapper fusion-image-size-fixed\" aria-haspopup=\"true\">\n\t\t\t\t\t\t\t<a href=\"https:\/\/www.filmharmonie.at\/?avada_portfolio=luther\" aria-label=\"Luther\">\n\t\t\t\t\t\t\t<img decoding=\"async\" width=\"80\" height=\"186\" src=\"https:\/\/www.filmharmonie.at\/wp-content\/uploads\/2015\/06\/luther_columne.jpg\" class=\"attachment-portfolio-two size-portfolio-two wp-post-image\" alt=\"\" \/>\t\t\t<\/a>\n\t\t\t\t\t\t\t<\/div>\n<div class=\"fusion-portfolio-content\"><h2 class=\"entry-title fusion-post-title\"><a href=\"https:\/\/www.filmharmonie.at\/?avada_portfolio=luther\">Luther<\/a><\/h2><div class=\"fusion-post-content\"><p>Luther - Ein Film der deutschen Reformation.    Der Lebensweg des Rebells und Reformators Martin Luther wurde 1927\/28 in einer unabh\u00e4ngigen Gro\u00dfproduktion auf die Leinwand gebracht. Unverkennbar ist <a href=\"https:\/\/www.filmharmonie.at\/?avada_portfolio=luther\"> [...]<\/a><\/p><\/div><\/div><\/div><\/article><article id=\"portfolio-1-post-93\" class=\"fusion-portfolio-post fusion-col-spacing post-93\"><div class=\"fusion-portfolio-content-wrapper\" style=\"border:none;\"><span class=\"vcard rich-snippet-hidden\"><span class=\"fn\"><a href=\"https:\/\/www.filmharmonie.at\/?author=1\" title=\"Beitr\u00e4ge von sabe\" rel=\"author\">sabe<\/a><\/span><\/span><span class=\"updated rich-snippet-hidden\">2019-07-19T12:42:17+02:00<\/span><div  class=\"fusion-image-wrapper fusion-image-size-fixed\" aria-haspopup=\"true\">\n\t\t\t\t\t\t\t<a href=\"https:\/\/www.filmharmonie.at\/?avada_portfolio=tabu\" aria-label=\"Tabu\">\n\t\t\t\t\t\t\t<img decoding=\"async\" width=\"80\" height=\"185\" src=\"https:\/\/www.filmharmonie.at\/wp-content\/uploads\/2015\/06\/tabu_columne.jpg\" class=\"attachment-portfolio-two size-portfolio-two wp-post-image\" alt=\"\" \/>\t\t\t<\/a>\n\t\t\t\t\t\t\t<\/div>\n<div class=\"fusion-portfolio-content\"><h2 class=\"entry-title fusion-post-title\"><a href=\"https:\/\/www.filmharmonie.at\/?avada_portfolio=tabu\">Tabu<\/a><\/h2><div class=\"fusion-post-content\"><p>Tabu.    Der letzte Film des deutschen Regisseurs F.W. Murnau spielt auf einer S\u00fcdseeinsel, die vor den Segnungen der westlichen Zivilisation noch verschont zu sein scheint. Der Perlentaucher <a href=\"https:\/\/www.filmharmonie.at\/?avada_portfolio=tabu\"> [...]<\/a><\/p><\/div><\/div><\/div><\/article><article id=\"portfolio-1-post-101\" class=\"fusion-portfolio-post fusion-col-spacing post-101\"><div class=\"fusion-portfolio-content-wrapper\" style=\"border:none;\"><span class=\"vcard rich-snippet-hidden\"><span class=\"fn\"><a href=\"https:\/\/www.filmharmonie.at\/?author=1\" title=\"Beitr\u00e4ge von sabe\" rel=\"author\">sabe<\/a><\/span><\/span><span class=\"updated rich-snippet-hidden\">2019-07-19T12:42:17+02:00<\/span><div  class=\"fusion-image-wrapper fusion-image-size-fixed\" aria-haspopup=\"true\">\n\t\t\t\t\t\t\t<a href=\"https:\/\/www.filmharmonie.at\/?avada_portfolio=der-letzte-mann\" aria-label=\"Der letzte Mann\">\n\t\t\t\t\t\t\t<img decoding=\"async\" width=\"150\" height=\"295\" src=\"https:\/\/www.filmharmonie.at\/wp-content\/uploads\/2015\/05\/mann_columne-150x295.jpg\" class=\"attachment-portfolio-two size-portfolio-two wp-post-image\" alt=\"\" \/>\t\t\t<\/a>\n\t\t\t\t\t\t\t<\/div>\n<div class=\"fusion-portfolio-content\"><h2 class=\"entry-title fusion-post-title\"><a href=\"https:\/\/www.filmharmonie.at\/?avada_portfolio=der-letzte-mann\">Der letzte Mann<\/a><\/h2><div class=\"fusion-post-content\"><p>Der letzte Mann    Emil Jannings brilliert in Friedrich Wilhelm Murnaus gro\u00dfer Tragikom\u00f6die.\u00a0Die Filmmusik von Florian C. Reithner l\u00e4\u00dft die 1920er Jahre hochleben. F.W. Murnau's \"Der letzte Mann\" <a href=\"https:\/\/www.filmharmonie.at\/?avada_portfolio=der-letzte-mann\"> [...]<\/a><\/p><\/div><\/div><\/div><\/article><article id=\"portfolio-1-post-87\" class=\"fusion-portfolio-post fusion-col-spacing post-87\"><div class=\"fusion-portfolio-content-wrapper\" style=\"border:none;\"><span class=\"vcard rich-snippet-hidden\"><span class=\"fn\"><a href=\"https:\/\/www.filmharmonie.at\/?author=1\" title=\"Beitr\u00e4ge von sabe\" rel=\"author\">sabe<\/a><\/span><\/span><span class=\"updated rich-snippet-hidden\">2019-07-19T12:42:17+02:00<\/span><div  class=\"fusion-image-wrapper fusion-image-size-fixed\" aria-haspopup=\"true\">\n\t\t\t\t\t\t\t<a href=\"https:\/\/www.filmharmonie.at\/?avada_portfolio=der-kaufmann-von-venedig\" aria-label=\"Der Kaufmann von Venedig\">\n\t\t\t\t\t\t\t<img decoding=\"async\" width=\"80\" height=\"186\" src=\"https:\/\/www.filmharmonie.at\/wp-content\/uploads\/2012\/03\/Kaufmann_columne.jpg\" class=\"attachment-portfolio-two size-portfolio-two wp-post-image\" alt=\"Luther. Ein Film der deutschen Reformation.\" \/>\t\t\t<\/a>\n\t\t\t\t\t\t\t<\/div>\n<div class=\"fusion-portfolio-content\"><h2 class=\"entry-title fusion-post-title\"><a href=\"https:\/\/www.filmharmonie.at\/?avada_portfolio=der-kaufmann-von-venedig\">Der Kaufmann von Venedig<\/a><\/h2><div class=\"fusion-post-content\"><p>Der Kaufmann von Venedig   Eine Paraderolle f\u00fcr Shakespearedarsteller ist die des j\u00fcdischen Kaufmannes und Wucherers Shylock. Werner Krauss, der den Shylock unz\u00e4hlige Male auf der B\u00fchne gegeben hatte, <a href=\"https:\/\/www.filmharmonie.at\/?avada_portfolio=der-kaufmann-von-venedig\"> [...]<\/a><\/p><\/div><\/div><\/div><\/article><article id=\"portfolio-1-post-107\" class=\"fusion-portfolio-post fusion-col-spacing post-107\"><div class=\"fusion-portfolio-content-wrapper\" style=\"border:none;\"><span class=\"vcard rich-snippet-hidden\"><span class=\"fn\"><a href=\"https:\/\/www.filmharmonie.at\/?author=1\" title=\"Beitr\u00e4ge von sabe\" rel=\"author\">sabe<\/a><\/span><\/span><span class=\"updated rich-snippet-hidden\">2019-07-19T12:42:17+02:00<\/span><div  class=\"fusion-image-wrapper fusion-image-size-fixed\" aria-haspopup=\"true\">\n\t\t\t\t\t\t\t<a href=\"https:\/\/www.filmharmonie.at\/?avada_portfolio=metropolis\" aria-label=\"Metropolis\">\n\t\t\t\t\t\t\t<img decoding=\"async\" width=\"150\" height=\"295\" src=\"https:\/\/www.filmharmonie.at\/wp-content\/uploads\/2015\/05\/metropolis_columne-150x295.jpg\" class=\"attachment-portfolio-two size-portfolio-two wp-post-image\" alt=\"\" \/>\t\t\t<\/a>\n\t\t\t\t\t\t\t<\/div>\n<div class=\"fusion-portfolio-content\"><h2 class=\"entry-title fusion-post-title\"><a href=\"https:\/\/www.filmharmonie.at\/?avada_portfolio=metropolis\">Metropolis<\/a><\/h2><div class=\"fusion-post-content\"><p>Metropolis    Kaum ein Stummfilm ist so bekannt und umstritten wie Fritz Langs opus magnum METROPOLIS. Die futuristische Geschichte rund um Macht, Verf\u00fchrung und Vers\u00f6hnung wurde zwischen 1925 <a href=\"https:\/\/www.filmharmonie.at\/?avada_portfolio=metropolis\"> [...]<\/a><\/p><\/div><\/div><\/div><\/article><\/div><div class=\"fusion-infinite-scroll-trigger\"><\/div><div class=\"pagination infinite-scroll clearfix\" style=\"display:none;\"><span class=\"current\">1<\/span><a href=\"https:\/\/www.filmharmonie.at\/index.php?rest_route=%2Fwp%2Fv2%2Fpages%2F79&#038;paged=2\" class=\"inactive\">2<\/a><a class=\"pagination-next\" rel=\"next\" href=\"https:\/\/www.filmharmonie.at\/index.php?rest_route=%2Fwp%2Fv2%2Fpages%2F79&#038;paged=2\"><span class=\"page-text\">Vor<\/span><span class=\"page-next\"><\/span><\/a><\/div><div class=\"fusion-clearfix\"><\/div><\/div><div class=\"fusion-clearfix\"><\/div><\/div><\/div><\/div><\/div>\n","protected":false},"excerpt":{"rendered":"","protected":false},"author":1,"featured_media":0,"parent":0,"menu_order":0,"comment_status":"closed","ping_status":"open","template":"","meta":{"footnotes":""},"_links":{"self":[{"href":"https:\/\/www.filmharmonie.at\/index.php?rest_route=\/wp\/v2\/pages\/79"}],"collection":[{"href":"https:\/\/www.filmharmonie.at\/index.php?rest_route=\/wp\/v2\/pages"}],"about":[{"href":"https:\/\/www.filmharmonie.at\/index.php?rest_route=\/wp\/v2\/types\/page"}],"author":[{"embeddable":true,"href":"https:\/\/www.filmharmonie.at\/index.php?rest_route=\/wp\/v2\/users\/1"}],"replies":[{"embeddable":true,"href":"https:\/\/www.filmharmonie.at\/index.php?rest_route=%2Fwp%2Fv2%2Fcomments&post=79"}],"version-history":[{"count":2,"href":"https:\/\/www.filmharmonie.at\/index.php?rest_route=\/wp\/v2\/pages\/79\/revisions"}],"predecessor-version":[{"id":892,"href":"https:\/\/www.filmharmonie.at\/index.php?rest_route=\/wp\/v2\/pages\/79\/revisions\/892"}],"wp:attachment":[{"href":"https:\/\/www.filmharmonie.at\/index.php?rest_route=%2Fwp%2Fv2%2Fmedia&parent=79"}],"curies":[{"name":"wp","href":"https:\/\/api.w.org\/{rel}","templated":true}]}}