{"id":45,"date":"2015-05-19T14:11:45","date_gmt":"2015-05-19T12:11:45","guid":{"rendered":"http:\/\/filmharmonie.at.w0133d28.kasserver.com\/?page_id=45"},"modified":"2019-07-19T12:42:16","modified_gmt":"2019-07-19T10:42:16","slug":"dirigenten","status":"publish","type":"page","link":"https:\/\/www.filmharmonie.at\/?page_id=45","title":{"rendered":"Dirigenten"},"content":{"rendered":"<div class=\"fusion-fullwidth fullwidth-box fusion-builder-row-1 nonhundred-percent-fullwidth non-hundred-percent-height-scrolling\" style=\"--awb-background-position:left top;--awb-border-radius-top-left:0px;--awb-border-radius-top-right:0px;--awb-border-radius-bottom-right:0px;--awb-border-radius-bottom-left:0px;--awb-padding-top:20px;--awb-padding-right:0px;--awb-padding-bottom:20px;--awb-padding-left:0px;--awb-background-color:#ffffff;--awb-border-sizes-top:0px;--awb-border-sizes-bottom:0px;--awb-flex-wrap:wrap;\" ><div class=\"fusion-builder-row fusion-row\"><div class=\"fusion-layout-column fusion_builder_column fusion-builder-column-0 fusion_builder_column_1_1 1_1 fusion-one-full fusion-column-first fusion-column-last\" style=\"--awb-bg-size:cover;\"><div class=\"fusion-column-wrapper fusion-flex-column-wrapper-legacy\"><div class=\"fusion-title title fusion-title-1 sep-underline sep-solid fusion-title-text fusion-title-size-two\"><h2 class=\"fusion-title-heading title-heading-left fusion-responsive-typography-calculated\" style=\"margin:0;--fontSize:18;line-height:1.5;\">Florian C. Reithner<\/h2><\/div><div class=\"fusion-image-element fusion-image-align-left in-legacy-container\" style=\"text-align:left;--awb-caption-title-font-family:var(--h2_typography-font-family);--awb-caption-title-font-weight:var(--h2_typography-font-weight);--awb-caption-title-font-style:var(--h2_typography-font-style);--awb-caption-title-size:var(--h2_typography-font-size);--awb-caption-title-transform:var(--h2_typography-text-transform);--awb-caption-title-line-height:var(--h2_typography-line-height);--awb-caption-title-letter-spacing:var(--h2_typography-letter-spacing);\"><span class=\" fusion-imageframe imageframe-none imageframe-1 hover-type-none\" style=\"border-radius:5px;margin-right:25px;float:left;\"><img decoding=\"async\" src=\"http:\/\/filmharmonie.at.w0133d28.kasserver.com\/wp-content\/uploads\/2015\/05\/reithner-178x300.jpg\" alt class=\"img-responsive\"\/><\/span><\/div><div class=\"fusion-text fusion-text-1\"><p>Geboren 1984 in Amstetten, Studium an der Universit\u00e4t f\u00fcr darstellende Kunst Wien sowie am Konservatorium St. P\u00f6lten in den F\u00e4chern Komposition (bei Ivan Er\u00f6d, David Babcock, Martin Lichtfuss), Klavier, Orgel (u.a. bei Domorganist Franz Danksagm\u00fcller), Musiktheorie und Gesang.<\/p>\n<p>Preistr\u00e4ger internationaler Improvisations- und Instrumentalwettbewerbe, des Lions Club Kompositionsstipendiums sowie Gewinner des Marianna Mendt Jazz-Nachwuchs-F\u00f6rderpreises.<\/p>\n<p>Seit Herbst 2010 Chefdirigent des Ensemble Filmharmonie. Lehrt\u00e4tigkeit und Vortr\u00e4ge u.a. zu den Themen Filmmusik, Songwriting, Musiktheorie und Komposition. Konzertt\u00e4tigkeit als Dirigent und Organist in Europa und den USA.<\/p>\n<p>2009 mit seiner Musik zu &#8222;Der Zinker&#8220; Gastsolist am Internationalen Filmfest Braunschweig, Gastspiele in Berlin. F\u00fcr die Filmharmonie vertonte er bereits sechs abendf\u00fcllende Spielfilme, au\u00dferdem einige DVD-Editionen des Filmarchiv Austria.<\/p>\n<p>Im Juni 2013 wurde seine &#8222;Critical Mass&#8220; in der Jesuiten-Kirche in Wien uraufgef\u00fchrt. 2013 ver\u00f6ffentlichte er das symphonische Pop-Album &#8222;Story of D &#8211; Dreams of bursting bubbles&#8220;. J\u00fcngste Urauff\u00fchrung:\u00a0Komposition zu F.W. Murnaus &#8222;Tabu&#8220; bei den UFA-Filmn\u00e4chten 2015 in Berlin. Bis 2015\u00a0Musikassistent des Projektes &#8222;Jugend an der Wien&#8220; (Theater an der Wien) engagiert, derzeit t\u00e4tig f\u00fcr die Vereinigten B\u00fchnen Wien.<\/p>\n<\/div><div class=\"fusion-clearfix\"><\/div><\/div><\/div><div class=\"fusion-layout-column fusion_builder_column fusion-builder-column-1 fusion_builder_column_1_1 1_1 fusion-one-full fusion-column-first fusion-column-last fusion-column-no-min-height\" style=\"--awb-bg-size:cover;--awb-margin-bottom:0px;\"><div class=\"fusion-column-wrapper fusion-flex-column-wrapper-legacy\"><div class=\"fusion-sep-clear\"><\/div><div class=\"fusion-separator fusion-full-width-sep\" style=\"margin-left: auto;margin-right: auto;margin-top:20px;margin-bottom:20px;width:100%;\"><div class=\"fusion-separator-border sep-shadow\" style=\"--awb-height:20px;--awb-amount:20px;background:radial-gradient(ellipse at 50% -50% , #e0dede 0px, rgba(255, 255, 255, 0) 80%) repeat scroll 0 0 rgba(0, 0, 0, 0);background:-webkit-radial-gradient(ellipse at 50% -50% , #e0dede 0px, rgba(255, 255, 255, 0) 80%) repeat scroll 0 0 rgba(0, 0, 0, 0);background:-moz-radial-gradient(ellipse at 50% -50% , #e0dede 0px, rgba(255, 255, 255, 0) 80%) repeat scroll 0 0 rgba(0, 0, 0, 0);background:-o-radial-gradient(ellipse at 50% -50% , #e0dede 0px, rgba(255, 255, 255, 0) 80%) repeat scroll 0 0 rgba(0, 0, 0, 0);\"><\/div><\/div><div class=\"fusion-sep-clear\"><\/div><div class=\"fusion-clearfix\"><\/div><\/div><\/div><div class=\"fusion-layout-column fusion_builder_column fusion-builder-column-2 fusion_builder_column_1_2 1_2 fusion-one-half fusion-column-first\" style=\"--awb-bg-size:cover;width:48%; margin-right: 4%;\"><div class=\"fusion-column-wrapper fusion-flex-column-wrapper-legacy\"><div class=\"fusion-title title fusion-title-2 sep-underline sep-solid fusion-title-text fusion-title-size-two\"><h2 class=\"fusion-title-heading title-heading-left fusion-responsive-typography-calculated\" style=\"margin:0;--fontSize:18;line-height:1.5;\">Raphael Schluesselberg<\/h2><\/div><div class=\"fusion-image-element fusion-image-align-left in-legacy-container\" style=\"text-align:left;--awb-caption-title-font-family:var(--h2_typography-font-family);--awb-caption-title-font-weight:var(--h2_typography-font-weight);--awb-caption-title-font-style:var(--h2_typography-font-style);--awb-caption-title-size:var(--h2_typography-font-size);--awb-caption-title-transform:var(--h2_typography-text-transform);--awb-caption-title-line-height:var(--h2_typography-line-height);--awb-caption-title-letter-spacing:var(--h2_typography-letter-spacing);\"><span class=\" fusion-imageframe imageframe-none imageframe-2 hover-type-none\" style=\"border-radius:5px;margin-right:25px;float:left;\"><img decoding=\"async\" src=\"http:\/\/filmharmonie.at.w0133d28.kasserver.com\/wp-content\/uploads\/2015\/05\/eroed.jpg\" alt class=\"img-responsive\"\/><\/span><\/div><div class=\"fusion-text fusion-text-2\"><p>Raphael Schluesselberg, geboren 1984 in Graz, deb\u00fctierte nach musikalischen Anf\u00e4ngen (Cello, Klavier) bereits im Jahr 2000 als Dirigent. Seither studierte er u.a. bei Leopold Hager, Erwin Ortner und Mark Stringer. Workshops und Meisterkurse bei Seiji Ozawa, Daniel Harding und Sir Simon Rattle. Korrepetitor u.a. beim L\u00e8har-Festival Bad Ischl und am Theater an der Wien.<br \/>\nZusammenarbeit u.a. mit dem Gustav-Mahler-Jugendorchester, dem Wiener Kammerorchester und der &#8222;Wiener Akademie&#8220;. Im Bereich Oper pr\u00e4sentierte sich Schluesselberg bisher mit St\u00fccken wie &#8222;Comedy on the Bridge&#8220;, &#8222;Die Kluge&#8220;, &#8222;La Clemenza di Tito&#8220;, &#8222;Der Zigeunerbaron&#8220; und &#8222;L&#8217;Isola Disabitata&#8220; sowie &#8222;Cos\u00ec fan tutte&#8220; der \u00d6ffentlichkeit. Zu Silvester 2010\/2011 China-Tournee mit der &#8222;Symphonia Wien&#8220;.<br \/>\n2010 dirigierte die Urauff\u00fchrung von Florian Reithners Musik zu &#8222;Der Berg des Schicksals&#8220;. Im Sommer 2014 folgte die neue Musik zu &#8222;Lumpaci Vagabundus&#8220;, die er auch f\u00fcr die vorangegangene DVD-Einspielung einstudierte.<\/p>\n<\/div><div class=\"fusion-clearfix\"><\/div><\/div><\/div><div class=\"fusion-layout-column fusion_builder_column fusion-builder-column-3 fusion_builder_column_1_2 1_2 fusion-one-half fusion-column-last\" style=\"--awb-bg-size:cover;width:48%;\"><div class=\"fusion-column-wrapper fusion-flex-column-wrapper-legacy\"><div class=\"fusion-title title fusion-title-3 sep-underline sep-solid fusion-title-text fusion-title-size-two\"><h2 class=\"fusion-title-heading title-heading-left fusion-responsive-typography-calculated\" style=\"margin:0;--fontSize:18;line-height:1.5;\">Erich Pichorner<\/h2><\/div><div class=\"fusion-image-element fusion-image-align-left in-legacy-container\" style=\"text-align:left;--awb-caption-title-font-family:var(--h2_typography-font-family);--awb-caption-title-font-weight:var(--h2_typography-font-weight);--awb-caption-title-font-style:var(--h2_typography-font-style);--awb-caption-title-size:var(--h2_typography-font-size);--awb-caption-title-transform:var(--h2_typography-text-transform);--awb-caption-title-line-height:var(--h2_typography-line-height);--awb-caption-title-letter-spacing:var(--h2_typography-letter-spacing);\"><span class=\" fusion-imageframe imageframe-none imageframe-3 hover-type-none\" style=\"border-radius:5px;margin-right:25px;float:left;\"><img decoding=\"async\" src=\"http:\/\/filmharmonie.at.w0133d28.kasserver.com\/wp-content\/uploads\/2015\/05\/erich_pichorner-165x300.jpg\" alt class=\"img-responsive\"\/><\/span><\/div><div class=\"fusion-text fusion-text-3\"><p>Erich Pichorner erlernte das Handwerk des Dirigierens bei MilKpm. Prof. Sigismund Seidl. Studient\u00e4tigkeit im Fach Musikwissenschaft an der Universit\u00e4t Graz.<\/p>\n<p>2001 Teilnehmer des Meisterkurses f\u00fcr Blasorchesterdirigenten in Feldkirchen\/Ktn. bei Jan Cober. Erich Pichorner gr\u00fcndete 1998 das SBO Klagenfurt (SBOK), aus dem 2004 das Ensemble Filmharmonie hervorging.<\/p>\n<p>Er dirigierte die Premieren von &#8222;Metropolis&#8220;, &#8222;Der Kilometerfresser&#8220;, &#8222;Der letzte Mann&#8220;, &#8222;Der Zinker&#8220; und &#8222;Hoffmann&#8217;s Erz\u00e4hlungen&#8220;. 2014 gr\u00fcndete er die Vienna Concert Band, die er seither leitet.<\/p>\n<\/div><div class=\"fusion-clearfix\"><\/div><\/div><\/div><\/div><\/div>\n","protected":false},"excerpt":{"rendered":"","protected":false},"author":1,"featured_media":0,"parent":0,"menu_order":0,"comment_status":"closed","ping_status":"open","template":"","meta":{"footnotes":""},"_links":{"self":[{"href":"https:\/\/www.filmharmonie.at\/index.php?rest_route=\/wp\/v2\/pages\/45"}],"collection":[{"href":"https:\/\/www.filmharmonie.at\/index.php?rest_route=\/wp\/v2\/pages"}],"about":[{"href":"https:\/\/www.filmharmonie.at\/index.php?rest_route=\/wp\/v2\/types\/page"}],"author":[{"embeddable":true,"href":"https:\/\/www.filmharmonie.at\/index.php?rest_route=\/wp\/v2\/users\/1"}],"replies":[{"embeddable":true,"href":"https:\/\/www.filmharmonie.at\/index.php?rest_route=%2Fwp%2Fv2%2Fcomments&post=45"}],"version-history":[{"count":23,"href":"https:\/\/www.filmharmonie.at\/index.php?rest_route=\/wp\/v2\/pages\/45\/revisions"}],"predecessor-version":[{"id":893,"href":"https:\/\/www.filmharmonie.at\/index.php?rest_route=\/wp\/v2\/pages\/45\/revisions\/893"}],"wp:attachment":[{"href":"https:\/\/www.filmharmonie.at\/index.php?rest_route=%2Fwp%2Fv2%2Fmedia&parent=45"}],"curies":[{"name":"wp","href":"https:\/\/api.w.org\/{rel}","templated":true}]}}