{"id":43,"date":"2015-05-19T14:04:59","date_gmt":"2015-05-19T12:04:59","guid":{"rendered":"http:\/\/filmharmonie.at.w0133d28.kasserver.com\/?page_id=43"},"modified":"2019-07-19T12:42:16","modified_gmt":"2019-07-19T10:42:16","slug":"orchester","status":"publish","type":"page","link":"https:\/\/www.filmharmonie.at\/?page_id=43","title":{"rendered":"Orchester"},"content":{"rendered":"<div class=\"fusion-fullwidth fullwidth-box fusion-builder-row-1 nonhundred-percent-fullwidth non-hundred-percent-height-scrolling\" style=\"--awb-background-position:left top;--awb-border-radius-top-left:0px;--awb-border-radius-top-right:0px;--awb-border-radius-bottom-right:0px;--awb-border-radius-bottom-left:0px;--awb-padding-top:20px;--awb-padding-right:0px;--awb-padding-bottom:20px;--awb-padding-left:0px;--awb-border-sizes-top:0px;--awb-border-sizes-bottom:0px;--awb-flex-wrap:wrap;\" ><div class=\"fusion-builder-row fusion-row\"><div class=\"fusion-layout-column fusion_builder_column fusion-builder-column-0 fusion_builder_column_1_1 1_1 fusion-one-full fusion-column-first fusion-column-last fusion-column-no-min-height\" style=\"--awb-bg-size:cover;--awb-margin-bottom:0px;\"><div class=\"fusion-column-wrapper fusion-flex-column-wrapper-legacy\"><div class=\"fusion-title title fusion-title-1 sep-underline sep-solid fusion-title-text fusion-title-size-two\"><h2 class=\"fusion-title-heading title-heading-left fusion-responsive-typography-calculated\" style=\"margin:0;--fontSize:18;line-height:1.5;\">Das Orchester Filmharmonie<\/h2><\/div><div class=\"fusion-clearfix\"><\/div><\/div><\/div><div class=\"fusion-layout-column fusion_builder_column fusion-builder-column-1 fusion_builder_column_1_1 1_1 fusion-one-full fusion-column-first fusion-column-last fusion-animated\" style=\"--awb-bg-size:cover;--awb-margin-bottom:50px;\" data-animationType=\"fadeInDown\" data-animationDuration=\"0.2\" data-animationOffset=\"top-into-view\"><div class=\"fusion-column-wrapper fusion-flex-column-wrapper-legacy\"><div class=\"fusion-image-element fusion-image-align-right in-legacy-container\" style=\"text-align:right;--awb-caption-title-font-family:var(--h2_typography-font-family);--awb-caption-title-font-weight:var(--h2_typography-font-weight);--awb-caption-title-font-style:var(--h2_typography-font-style);--awb-caption-title-size:var(--h2_typography-font-size);--awb-caption-title-transform:var(--h2_typography-text-transform);--awb-caption-title-line-height:var(--h2_typography-line-height);--awb-caption-title-letter-spacing:var(--h2_typography-letter-spacing);\"><span class=\" fusion-imageframe imageframe-none imageframe-1 hover-type-none\" style=\"border-radius:5px;margin-left:25px;float:right;\"><img decoding=\"async\" alt=\"Das Orchester\" src=\"http:\/\/www.filmharmonie.at\/wp-content\/uploads\/2012\/03\/sbok_dunkel-300x199.jpg\" class=\"img-responsive\"\/><\/span><\/div><div class=\"fusion-text fusion-text-1\"><p><strong>Dort oben: die Leinwand. Auf ihr die Bilder: elektrische Schatten. Darunter, im warmen Schimmer der Pultlampen: das Orchester.<br \/>\n<\/strong>Der Film beginnt, und die Musik tr\u00e4gt seine Bilder durch die Nacht, jagt sie dahin, verweilt mit ihnen, lacht, weint, zittert mit jenen, die da nach Jahrzehnten, bald einem Jahrhundert auf der Leinwand wieder lebendig werden.<\/p>\n<p>Tausende Einzelbilder formen sich vor dem Auge zum bewegten Film, zugleich werden ebensoviele Noten in hunderten von Takten zu Musik. Wenn der Betrachter schlie\u00dflich vergi\u00dft, da\u00df da unten, im Halbdunkel, Musiker sitzen, die den Film erst mit Leben erf\u00fcllen, wenn Bild und Klang ineinanderflie\u00dfen &#8211; dann entsteht Kino: jenes Kino, das damals in den 1910er,1920er Jahren das Publikum in seinen Bann zog, und das heute wieder &#8211; nicht nur zu sehen, nicht nur zu h\u00f6ren, sondern &#8211; zu erleben ist.<\/p>\n<p>Das <strong>Orchester Filmharmonie<\/strong> wurde 2004 gegr\u00fcndet und setzt sich aus Musikern aus \u00d6sterreich, Italien und Slowenien zusammen.\u00a0Die Besetzung der Filmharmonie wird ganz auf den Film abgestimmt &#8211; sei es als Kammerorchester, Symphonieorchester, Bl\u00e4serensemble: gro\u00dfe Besetzung f\u00fcr gro\u00dfe Filme, Ensemblebesetzung f\u00fcr intime Kammerspiele. Denn nur wenn das Gleichgewicht von Bild und Ton stimmt, wirken die gezeigten Filme auch heute noch glaubhaft und authentisch.<\/p>\n<div class=\"fusion-aligncenter\"><a class=\"fusion-button button-flat button-small button-lightgray fusion-button-lightgray button-1 fusion-button-default-span fusion-button-default-type\" target=\"_blank\" rel=\"noopener noreferrer\" href=\"http:\/\/www.filmharmonie.at\/wp-content\/uploads\/2015\/06\/die_filmharmonie.pdf\"><span class=\"fusion-button-icon-divider button-icon-divider-left\"><i class=\" fa fa-download\" aria-hidden=\"true\"><\/i><\/span><span class=\"fusion-button-text fusion-button-text-left\">Die Filmharmonie kurz gefa\u00dft als pdf<\/span><\/a><\/div>\n<\/div><div class=\"fusion-clearfix\"><\/div><\/div><\/div><div class=\"fusion-layout-column fusion_builder_column fusion-builder-column-2 fusion_builder_column_1_1 1_1 fusion-one-full fusion-column-first fusion-column-last fusion-animated\" style=\"--awb-bg-size:cover;\" data-animationType=\"fadeInDown\" data-animationDuration=\"0.2\" data-animationOffset=\"top-into-view\"><div class=\"fusion-column-wrapper fusion-flex-column-wrapper-legacy\"><div class=\"fusion-image-element fusion-image-align-left in-legacy-container\" style=\"text-align:left;--awb-caption-title-font-family:var(--h2_typography-font-family);--awb-caption-title-font-weight:var(--h2_typography-font-weight);--awb-caption-title-font-style:var(--h2_typography-font-style);--awb-caption-title-size:var(--h2_typography-font-size);--awb-caption-title-transform:var(--h2_typography-text-transform);--awb-caption-title-line-height:var(--h2_typography-line-height);--awb-caption-title-letter-spacing:var(--h2_typography-letter-spacing);\"><span class=\" fusion-imageframe imageframe-none imageframe-2 hover-type-none\" style=\"border-radius:5px;margin-right:25px;float:left;\"><img decoding=\"async\" alt=\"Der letzte Mann\" src=\"http:\/\/www.filmharmonie.at\/wp-content\/uploads\/2012\/03\/letzter_mann_orchester-300x169.jpg\" class=\"img-responsive\"\/><\/span><\/div><div class=\"fusion-text fusion-text-2\"><p>Seit 2006 vergibt die FILMHARMONIE Kompositionsauftr\u00e4ge zur Vertonung sehenswerter Stummfilme. J\u00e4hrlich wird das Repertoire um mindestens ein neues abendf\u00fcllendes Filmkonzert erweitert, und so spiegeln die Konzerte der Filmharmonie das breite Spektrum des stummen Filmschaffens: Opernverfilmungen, Abenteuer- und Kriminalfilme, Kom\u00f6die und gro\u00dfes Drama. So vielf\u00e4ltig wie die Themen sind auch die Musiken, die sich hier zum Diener der gro\u00dfen Kunstform des Kinos machen. Musik ist hier die weltweit verst\u00e4ndliche Sprache, mit denen der stumme Film sein Publikum auch heute noch fesselt.<\/p>\n<h4><strong>Wieso Filmharmonie?<\/strong><\/h4>\n<p>Gewi\u00df, der Anklang an das Wort \u201ePhilharmonie\u201c ist nicht ungewollt. Tats\u00e4chlich weist der Name aber auf die Entstehung des Orchesters hin: es wurde als reines Bl\u00e4serorchester gegr\u00fcndet, und dessen historische Urform ist die \u201eHarmoniemusik\u201c. Namhafte Komponisten schrieben Werke f\u00fcr Harmoniemusik, und in Holland hei\u00dfen Blasorchester auch heute noch \u201eHarmonie\u201c.<br \/>\nBegleitet diese Harmonie nun einen Film, so wird daraus eine Film-Harmonie, und als solche ist sie ganz dem Kino verpflichtet.<\/p>\n<\/div><div class=\"fusion-clearfix\"><\/div><\/div><\/div><\/div><\/div>\n","protected":false},"excerpt":{"rendered":"","protected":false},"author":1,"featured_media":0,"parent":0,"menu_order":0,"comment_status":"closed","ping_status":"open","template":"","meta":{"footnotes":""},"_links":{"self":[{"href":"https:\/\/www.filmharmonie.at\/index.php?rest_route=\/wp\/v2\/pages\/43"}],"collection":[{"href":"https:\/\/www.filmharmonie.at\/index.php?rest_route=\/wp\/v2\/pages"}],"about":[{"href":"https:\/\/www.filmharmonie.at\/index.php?rest_route=\/wp\/v2\/types\/page"}],"author":[{"embeddable":true,"href":"https:\/\/www.filmharmonie.at\/index.php?rest_route=\/wp\/v2\/users\/1"}],"replies":[{"embeddable":true,"href":"https:\/\/www.filmharmonie.at\/index.php?rest_route=%2Fwp%2Fv2%2Fcomments&post=43"}],"version-history":[{"count":22,"href":"https:\/\/www.filmharmonie.at\/index.php?rest_route=\/wp\/v2\/pages\/43\/revisions"}],"predecessor-version":[{"id":894,"href":"https:\/\/www.filmharmonie.at\/index.php?rest_route=\/wp\/v2\/pages\/43\/revisions\/894"}],"wp:attachment":[{"href":"https:\/\/www.filmharmonie.at\/index.php?rest_route=%2Fwp%2Fv2%2Fmedia&parent=43"}],"curies":[{"name":"wp","href":"https:\/\/api.w.org\/{rel}","templated":true}]}}