{"id":173,"date":"2012-03-03T14:06:19","date_gmt":"2012-03-03T13:06:19","guid":{"rendered":"http:\/\/filmharmonie.at.w0133d28.kasserver.com\/leitung\/"},"modified":"2019-08-08T09:36:40","modified_gmt":"2019-08-08T07:36:40","slug":"leitung","status":"publish","type":"page","link":"https:\/\/www.filmharmonie.at\/?page_id=173","title":{"rendered":"Leitung"},"content":{"rendered":"<div class=\"fusion-fullwidth fullwidth-box fusion-builder-row-1 hundred-percent-fullwidth non-hundred-percent-height-scrolling\" style=\"--awb-border-radius-top-left:0px;--awb-border-radius-top-right:0px;--awb-border-radius-bottom-right:0px;--awb-border-radius-bottom-left:0px;--awb-overflow:visible;--awb-flex-wrap:wrap;\" ><div class=\"fusion-builder-row fusion-row\"><div class=\"fusion-layout-column fusion_builder_column fusion-builder-column-0 fusion_builder_column_1_1 1_1 fusion-one-full fusion-column-first fusion-column-last fusion-column-no-min-height\" style=\"--awb-bg-size:cover;--awb-margin-bottom:0px;\"><div class=\"fusion-column-wrapper fusion-flex-column-wrapper-legacy\"><div class=\"fusion-text fusion-text-1\"><table border=\"0\">\n<tbody>\n<tr>\n<td style=\"text-align: left;\"><img decoding=\"async\" class=\" alignleft size-full wp-image-170\" style=\"float: left; margin: 5px 10px 5px 10px;\" title=\"Michael Seeber, Photo c Walter Huss\" src=\"http:\/\/filmharmonie.at.w0133d28.kasserver.com\/wp-content\/uploads\/2012\/03\/seeber1_c_huss.jpg\" alt=\"Michael Seeber, Photo c Walter Huss\" width=\"120\" height=\"216\" border=\"0\" srcset=\"https:\/\/www.filmharmonie.at\/wp-content\/uploads\/2012\/03\/seeber1_c_huss-167x300.jpg 167w, https:\/\/www.filmharmonie.at\/wp-content\/uploads\/2012\/03\/seeber1_c_huss.jpg 200w\" sizes=\"(max-width: 120px) 100vw, 120px\" \/><strong><br \/>\nK\u00fcnstlerischer Leiter:<\/strong><br \/>\n<strong><a href=\"mailto:kontakt@filmharmonie.at\" target=\"_blank\" rel=\"noopener noreferrer\">Michael Seeber<\/a><\/strong>\u00a0Der\u00a0Jurist und Musikverleger Michael Seeber leitet die Projekte des &#8222;Orchester Filmharmonie&#8220; und ist als k\u00fcnstlerischer Leiter f\u00fcr die Auswahl der Filme und die Produktion der Filmkonzerte f\u00fcr TV und DVD verantwortlich. Seine praktischen Kenntnisse und Erfahrungen in Sachen Film, Musik und Recht gibt er in Vortr\u00e4gen zu den Themen Fr\u00fchgeschichte von Film und Filmmusik sowie Urheberrecht wieder.Die Produktionen der FILMHARMONIE stehen auch Ihrem Orchester zur Verf\u00fcgung:<br \/>\n<a href=\"http:\/\/www.seeberfilm.com\" target=\"_blank\" rel=\"noopener noreferrer\">Notenmaterial<\/a>, Filme und Auff\u00fchrungsrechte werden auf Anfrage gerne vermittelt.<\/td>\n<td><\/td>\n<\/tr>\n<tr>\n<td><\/td>\n<td><\/td>\n<\/tr>\n<tr>\n<td style=\"text-align: left;\">Terminplanung:<br \/>\nTel. +43 (0) 664 5483 160<\/td>\n<td style=\"text-align: left;\"><\/td>\n<\/tr>\n<tr>\n<td><\/td>\n<td><\/td>\n<\/tr>\n<tr>\n<td style=\"text-align: left;\">F\u00fcr die\u00a0<strong>Finanzen<\/strong>\u00a0des Orchesters ist<br \/>\n<a href=\"mailto:g.achatschitsch@filmharmonie.at\" target=\"_blank\" rel=\"noopener noreferrer\">Gert Achatschitsch<\/a>\u00a0verantwortlich.<\/td>\n<td><\/td>\n<\/tr>\n<tr>\n<td><img decoding=\"async\" class=\" alignleft size-full wp-image-172\" style=\"float: left; margin: 5px 10px;\" title=\"Caroline M\u00fcller \u00a9 Foto Wallner\" src=\"http:\/\/filmharmonie.at.w0133d28.kasserver.com\/wp-content\/uploads\/2012\/03\/caroline_mueller.jpg\" alt=\"Caroline M\u00fcller \u00a9 Foto Wallner\" width=\"120\" height=\"183\" border=\"0\" \/><br \/>\n<strong>Produktionsassistenz<\/strong><br \/>\nund Obmann-Stellvertreterin:<br \/>\n<strong><a href=\"mailto:c.mueller@filmharmonie.at\" target=\"_blank\" rel=\"noopener noreferrer\">Caroline Sch\u00f6ffmann<\/a><\/strong>.<\/td>\n<td><\/td>\n<\/tr>\n<\/tbody>\n<\/table>\n<\/div><div class=\"fusion-clearfix\"><\/div><\/div><\/div><\/div><\/div>\n","protected":false},"excerpt":{"rendered":"","protected":false},"author":1,"featured_media":170,"parent":0,"menu_order":3,"comment_status":"closed","ping_status":"open","template":"","meta":{"footnotes":""},"_links":{"self":[{"href":"https:\/\/www.filmharmonie.at\/index.php?rest_route=\/wp\/v2\/pages\/173"}],"collection":[{"href":"https:\/\/www.filmharmonie.at\/index.php?rest_route=\/wp\/v2\/pages"}],"about":[{"href":"https:\/\/www.filmharmonie.at\/index.php?rest_route=\/wp\/v2\/types\/page"}],"author":[{"embeddable":true,"href":"https:\/\/www.filmharmonie.at\/index.php?rest_route=\/wp\/v2\/users\/1"}],"replies":[{"embeddable":true,"href":"https:\/\/www.filmharmonie.at\/index.php?rest_route=%2Fwp%2Fv2%2Fcomments&post=173"}],"version-history":[{"count":6,"href":"https:\/\/www.filmharmonie.at\/index.php?rest_route=\/wp\/v2\/pages\/173\/revisions"}],"predecessor-version":[{"id":921,"href":"https:\/\/www.filmharmonie.at\/index.php?rest_route=\/wp\/v2\/pages\/173\/revisions\/921"}],"wp:featuredmedia":[{"embeddable":true,"href":"https:\/\/www.filmharmonie.at\/index.php?rest_route=\/wp\/v2\/media\/170"}],"wp:attachment":[{"href":"https:\/\/www.filmharmonie.at\/index.php?rest_route=%2Fwp%2Fv2%2Fmedia&parent=173"}],"curies":[{"name":"wp","href":"https:\/\/api.w.org\/{rel}","templated":true}]}}