{"id":169,"date":"2012-03-08T09:28:44","date_gmt":"2012-03-08T08:28:44","guid":{"rendered":"http:\/\/filmharmonie.at.w0133d28.kasserver.com\/impressum\/"},"modified":"2019-08-08T09:34:48","modified_gmt":"2019-08-08T07:34:48","slug":"impressum","status":"publish","type":"page","link":"https:\/\/www.filmharmonie.at\/?page_id=169","title":{"rendered":"Impressum"},"content":{"rendered":"<p><strong><span style=\"font-size: 10pt;\">Webseite des Vereins Orchester Filmharmonie<\/span><\/strong><\/p>\n<p>Medieninhaber:<br \/>\nVerein Orchester Filmharmonie<br \/>\nZVR-Zahl 571902217<br \/>\n<span style=\"line-height: 1.3em;\">Pierlstra\u00dfe 33<br \/>\n<\/span><span style=\"line-height: 1.3em;\">9020 Klagenfurt<\/span><\/p>\n<p>&nbsp;<\/p>\n<p><strong>Ziel (\u201eBlattlinie\u201c):<\/strong><br \/>\nZiel der Website ist die Verwirklichung des Vereinzweckes, dies insbesondere durch F\u00f6rderung von Interesse an den verschiedenen dargestellten Themenbereichen, die Vermittlung themenrelevanter Informationen und Hinweise auf die Aktivit\u00e4ten des Orchesters und seines Tr\u00e4gervereines, sowie die Information \u00fcber konkrete Dienstleistungen (z.B. Konzerte) des Medieninhabers.<\/p>\n<p><strong>F\u00fcr den Inhalt verantwortlich:<\/strong><br \/>\nMichael Seeber, Obmann<\/p>\n<p><strong><span style=\"font-size: 8pt;\">Links:<\/span><\/strong><br \/>\n<span style=\"font-size: 8pt;\">Links auf diese Website sind erw\u00fcnscht, wenn sie als externe Links gestaltet sind. Framing, Hot- und Deep-Linking sind nur mit Zustimmung des Medieninhabers zul\u00e4ssig.\u00a0<\/span><\/p>\n<p><strong><span style=\"font-size: 8pt;\">Datennutzung:<\/span><\/strong><br \/>\n<span style=\"font-size: 8pt;\">Mit Anmeldung zum Newsletter erteilen die Nutzer dieser Webseite ihre Zustimmung zur Aufnahme ihrer email-Adresse und ihres Namens in ein Verzeichnis zum Versand von Informationen, die im Zusammenhang mit den Aktivit\u00e4ten des Medieninhabers stehen. Die Daten werden nicht an Dritte weitergegeben. Auf Wunsch des jeweils Berechtigten wird dessen Name und\u00a0email-Adresse gel\u00f6scht und der Versand von Newslettern eingestellt.<br \/>\nDiese Seite verwendet keine Cookies. F\u00fcr die Verwendung von cookies durch verlinkte Webseiten (insbesondere youtube-Inhalte) wird keine Haftung \u00fcbernommen.<\/span><\/p>\n<p><strong><span style=\"font-size: 8pt;\">Haftungsausschluss:<\/span><\/strong><br \/>\n<span style=\"font-size: 8pt;\">Trotz Sorgfalt in der Erstellung dieser Webseite kann der Medieninhaber nicht garantieren, da\u00df die auf der Webseite ver\u00f6ffentlichten Inhalte v\u00f6llig fehlerfrei sind. Jegliche Haftung f\u00fcr Sch\u00e4den, die direkt oder indirekt aus der Benutzung dieser Webseite entstehen, sind ausgeschlossen.\u00a0<\/span><\/p>\n<p><strong><span style=\"font-size: 8pt;\">Copyright:<\/span><\/strong><br \/>\n<span style=\"font-size: 8pt;\">Alle Inhalte \u00a9 2012 &#8211; 2019 by Orchester Filmharmonie. Die Inhalte dieser Website sind urheberrechtlich gesch\u00fctzt. Jede anders als im Sinne der Zielsetzung dieses Projekts erfolgende Nutzung bedarf der Zustimmung des Medieninhabers bzw. des Urhebers.<\/span><\/p>\n<p>&nbsp;<\/p>\n","protected":false},"excerpt":{"rendered":"<p>Webseite des Vereins Orchester Filmharmonie Medieninhaber: Verein Orchester Filmharmonie ZVR-Zahl 571902217 Pierlstra\u00dfe 33 9020 Klagenfurt &nbsp; Ziel (\u201eBlattlinie\u201c): Ziel der [&hellip;]<\/p>\n","protected":false},"author":1,"featured_media":0,"parent":0,"menu_order":4,"comment_status":"closed","ping_status":"open","template":"","meta":{"footnotes":""},"_links":{"self":[{"href":"https:\/\/www.filmharmonie.at\/index.php?rest_route=\/wp\/v2\/pages\/169"}],"collection":[{"href":"https:\/\/www.filmharmonie.at\/index.php?rest_route=\/wp\/v2\/pages"}],"about":[{"href":"https:\/\/www.filmharmonie.at\/index.php?rest_route=\/wp\/v2\/types\/page"}],"author":[{"embeddable":true,"href":"https:\/\/www.filmharmonie.at\/index.php?rest_route=\/wp\/v2\/users\/1"}],"replies":[{"embeddable":true,"href":"https:\/\/www.filmharmonie.at\/index.php?rest_route=%2Fwp%2Fv2%2Fcomments&post=169"}],"version-history":[{"count":5,"href":"https:\/\/www.filmharmonie.at\/index.php?rest_route=\/wp\/v2\/pages\/169\/revisions"}],"predecessor-version":[{"id":920,"href":"https:\/\/www.filmharmonie.at\/index.php?rest_route=\/wp\/v2\/pages\/169\/revisions\/920"}],"wp:attachment":[{"href":"https:\/\/www.filmharmonie.at\/index.php?rest_route=%2Fwp%2Fv2%2Fmedia&parent=169"}],"curies":[{"name":"wp","href":"https:\/\/api.w.org\/{rel}","templated":true}]}}